{"id":78,"date":"2017-12-12T11:24:21","date_gmt":"2017-12-12T15:24:21","guid":{"rendered":"http:\/\/ayuntamiento.guineo\/transparencia\/?page_id=78"},"modified":"2021-05-24T14:38:43","modified_gmt":"2021-05-24T18:38:43","slug":"definicion-oaim-oficina-de-acceso-a-la-informacion-municipal","status":"publish","type":"page","link":"https:\/\/ayuntamientolosalmacigos.gob.do\/transparencia\/definicion-oaim-oficina-de-acceso-a-la-informacion-municipal\/","title":{"rendered":"Definici\u00f3n OAIM (Oficina de Acceso a la Informaci\u00f3n Municipal)"},"content":{"rendered":"<p>El Ayuntamiento Municipal Villa los Alm\u00e1cigos, en fiel cumplimiento de la Ley 200-04, o Ley de Libre Acceso a la Informaci\u00f3n P\u00fablica, pone en l\u00ednea y a disposici\u00f3n\u00a0 la Oficina de Acceso a la Informaci\u00f3n P\u00fablica para hacer consultas o solicitar informaci\u00f3n.<\/p>\n<p>Esta Ley\u00a0 fue aprobada el 28 de Julio de 2004, su objetivo es garantizar el derecho de toda persona a solicitar y recibir informaci\u00f3n efectiva, veraz y oportuna sobre todos los actos y actividades de los organismos y entidades centralizados, descentralizados, aut\u00e1rquicos, incluyendo tanto el Poder Ejecutivo como el Judicial.<\/p>\n","protected":false},"excerpt":{"rendered":"El Ayuntamiento Municipal Villa los Alm\u00e1cigos, en fiel cumplimiento de la Ley 200-04, o Ley de Libre Acceso a la Informaci\u00f3n P\u00fablica, pone en l\u00ednea y a disposici\u00f3n\u00a0 la Oficina de Acceso a la Informaci\u00f3n P\u00fablica para hacer consultas o solicitar informaci\u00f3n. Esta Ley\u00a0 fue aprobada el 28 de Julio de 2004, su objetivo es&#8230;","protected":false},"author":3,"featured_media":0,"parent":0,"menu_order":0,"comment_status":"closed","ping_status":"closed","template":"","meta":[],"_links":{"self":[{"href":"https:\/\/ayuntamientolosalmacigos.gob.do\/transparencia\/wp-json\/wp\/v2\/pages\/78"}],"collection":[{"href":"https:\/\/ayuntamientolosalmacigos.gob.do\/transparencia\/wp-json\/wp\/v2\/pages"}],"about":[{"href":"https:\/\/ayuntamientolosalmacigos.gob.do\/transparencia\/wp-json\/wp\/v2\/types\/page"}],"author":[{"embeddable":true,"href":"https:\/\/ayuntamientolosalmacigos.gob.do\/transparencia\/wp-json\/wp\/v2\/users\/3"}],"replies":[{"embeddable":true,"href":"https:\/\/ayuntamientolosalmacigos.gob.do\/transparencia\/wp-json\/wp\/v2\/comments?post=78"}],"version-history":[{"count":4,"href":"https:\/\/ayuntamientolosalmacigos.gob.do\/transparencia\/wp-json\/wp\/v2\/pages\/78\/revisions"}],"predecessor-version":[{"id":601,"href":"https:\/\/ayuntamientolosalmacigos.gob.do\/transparencia\/wp-json\/wp\/v2\/pages\/78\/revisions\/601"}],"wp:attachment":[{"href":"https:\/\/ayuntamientolosalmacigos.gob.do\/transparencia\/wp-json\/wp\/v2\/media?parent=78"}],"curies":[{"name":"wp","href":"https:\/\/api.w.org\/{rel}","templated":true}]}}